{"id":14944,"date":"2015-07-22T19:27:14","date_gmt":"2015-07-22T19:27:14","guid":{"rendered":"http:\/\/monta\u00f1asdelaluna.com\/?page_id=14944"},"modified":"2021-07-06T16:45:32","modified_gmt":"2021-07-06T16:45:32","slug":"pirineo-catalan","status":"publish","type":"page","link":"https:\/\/www.monta\u00f1asdelaluna.es\/?page_id=14944","title":{"rendered":"Pirineo Catal\u00e1n"},"content":{"rendered":"<p>[vc_row][vc_column][vc_column_text]El Pirineo Catal\u00e1n se puede dividir en dos con el gran valle, altiplano de La Cerdanya como frontera de esa divisi\u00f3n: a la derecha y hasta el Mar Mediterr\u00e1neo ser\u00eda el Pirineo Oriental con el Puigmal y Bastiments como altitudes m\u00e1s notables del mismo, acabar\u00eda en el Mar Mediterr\u00e1neo en el volc\u00e1nico terreno del Cap de Creus, y el emblem\u00e1tico Canig\u00f3 ser\u00eda el \u00faltimo dos mil (2.786 mts.) del Pirineo hac\u00eda el nombrado mar. El Prepirino (calizas), (interior y exterior aparecen unidos en una sola demominaci\u00f3n geogr\u00e1fica)\u00a0 sigue casi adosado al axial (granitos) en su parte norte, siendo una de sus sierras m\u00e1s formidables y llamativas la Cad\u00ed-Moixer\u00f3. El resto del Pirineo Catal\u00e1n que va desde La Cerdanya a la frontera con Huesca, se podr\u00eda decir que es Pirineo Central a\u00fan con relieves y cimas abruptas con m\u00e1s de tres mil metros. Su cima m\u00e1s alta es la Pica d&#8217;Estats (3.143 mts.) entre los valles de Vallferrera y de La Ribera de Card\u00f3s. Alberga el lago de monta\u00f1a (estany) m\u00e1s grande del Pirineo (Certasc\u00e1n) y la zona donde m\u00e1s lagos de alta monta\u00f1a se agrupan de todo el Pirineo (P.N. de Aig\u00fcestortes i Estany Sant Maurici con el sur del Valle de Ar\u00e1n)&#8230; que por cierto cabe destacar al Valle de Ar\u00e1n como el \u00fanico valle que mira al norte del Estado Espa\u00f1ol, y su peculiar y hermosa fisionom\u00eda caracter\u00edstica de una erosi\u00f3n glaciar profunda. Para describir mejor las ascensiones y recorridos por este Pirineo, lo hemos dividido en 3 zonas: el Alto Pirineo Catal\u00e1n, el Pirineo Calizo Catal\u00e1n y el Pirineo Oriental.[\/vc_column_text][\/vc_column][\/vc_row][vc_row][vc_column][vc_empty_space height=\u00bb30px\u00bb][\/vc_column][\/vc_row][vc_row][vc_column]<div class=\"hr-thin style-line\" style=\"width: 100%;border-color: #e2e2e2;border-top-width: 1px;\"><\/div>[vc_empty_space height=\u00bb30px\u00bb][\/vc_column][\/vc_row][vc_row][vc_column width=\u00bb1\/2&#8243;][vc_single_image image=\u00bb45066&#8243; img_size=\u00bbfull\u00bb][\/vc_column][vc_column width=\u00bb1\/2&#8243;][vc_custom_heading text=\u00bbAlto Pirineo Catal\u00e1n\u00bb use_theme_fonts=\u00bbyes\u00bb link=\u00bburl:https%3A%2F%2Fmonta%C3%B1asdelaluna.es%2F%3Fpage_id%3D45043|title:Alto%20Pirineo%20Catal%C3%A1n\u00bb][vc_empty_space height=\u00bb20px\u00bb][vc_column_text]La zona imaginada del Alto Pirineo Catal\u00e1n es la que comprende desde el curso del R\u00edo Segre hacia el oeste, acogiendo poco m\u00e1s que todo el Pirineo de Lleida, siendo parte del Pirineo Axial de roca gran\u00edtica en su mayor\u00eda y representaci\u00f3n de las mayores alturas y en\u00e9rgicas elevaciones. Es la zona que coge los macizos y picos a m\u00e1s altura del Pirineo Catal\u00e1n, y la \u00fanica que acoge cimas de m\u00e1s de tres mil metros de altura, como es el macizo de la Pic d&#8217;Estats (3.143 mts., pico m\u00e1s alto de Catalu\u00f1a), Besiberris&#8230; y las monta\u00f1as que rozan dicha altitud como las que se encuentran en el P. N. d&#8217;Aig\u00fcestortes i Estany Sant Maurici, como el singular Pic de Peguera, Ratera, Subenuix&#8230; Alberga el lago de monta\u00f1a (estany) m\u00e1s grande del Pirineo (Certasc\u00e1n) y la zona donde m\u00e1s lagos de alta monta\u00f1a se agrupan de todo el Pirineo (tambi\u00e9n en el P.N. de Aig\u00fcestortes i Estany Sant Maurici con el sur del Valle de Ar\u00e1n). Los valles que separan estas monta\u00f1as sobre todo en lo que es el Pirineo Axial, son t\u00edpicos y caracter\u00edsticos de esta cordillera, con algo de erosi\u00f3n glaciar y fuerte erosi\u00f3n fluvial; menos el Valle de Ar\u00e1n que con su peculiar y hermosa fisionom\u00eda es m\u00e1s caracter\u00edstica de una erosi\u00f3n glaciar y casi nada fluvial. Caben destacar otros valles por su belleza y singularidad, Valls d&#8217;Aneu, Valle de Barrab\u00e9s, Vall Ferrera, Vall de Card\u00f3s, Vall de Boi, Montgarri&#8230; Paisajes semejantes o iguales a los del Pirineo Central de Huesca.[\/vc_column_text][vc_empty_space height=\u00bb20px\u00bb][vc_btn title=\u00bbEntrar\u00bb style=\u00bbflat\u00bb color=\u00bbwarning\u00bb link=\u00bburl:https%3A%2F%2Fmonta%C3%B1asdelaluna.es%2F%3Fpage_id%3D45043|title:Alto%20Pirineo%20Catal%C3%A1n\u00bb][\/vc_column][\/vc_row][vc_row][vc_column][vc_empty_space height=\u00bb30px\u00bb][\/vc_column][\/vc_row][vc_row][vc_column]<div class=\"hr-thin style-line\" style=\"width: 100%;border-color: #e2e2e2;border-top-width: 1px;\"><\/div>[vc_empty_space height=\u00bb30px\u00bb][\/vc_column][\/vc_row][vc_row][vc_column width=\u00bb1\/2&#8243;][vc_single_image image=\u00bb45067&#8243; img_size=\u00bbfull\u00bb][\/vc_column][vc_column width=\u00bb1\/2&#8243;][vc_custom_heading text=\u00bbPirineo Oriental\u00bb use_theme_fonts=\u00bbyes\u00bb link=\u00bburl:https%3A%2F%2Fmonta%C3%B1asdelaluna.es%2F%3Fpage_id%3D45052|title:Pirineo%20Central\u00bb][vc_empty_space height=\u00bb20px\u00bb][vc_column_text]La zona imaginada del Pirineo Oriental la comprende justamente la parte del Pirineo que m\u00e1s cerca del Mediterr\u00e1neo queda, desde los cursos de los r\u00edos Rigard (Collada de Toses), Freser y Ter, hacia el norte y este, contando las monta\u00f1as y cimas fronterizas entre Catalu\u00f1a y Francia, hasta la misma costa mediterr\u00e1nea; integramente dentro de la provincia de Girona. Es parte del Pirineo Axial de roca gran\u00edtica, en su mayor parte, sobre todo como el principal y m\u00e1s alto macizo de este Pirineo que queda en la parte m\u00e1s occidental o interior de esta misma zona, y que ser\u00eda el de Ulldeter-Nuria, lugar donde nacen los mismos r\u00edos Freser y Ter, con cimas que rozan o sobrepasan los dos mil novecientos metros como su cima m\u00e1s alta, el Puigmal (2.910 mts.) en la misma Olla de Nuria, en un perfecto circo cuyo centro es el famoso Santuario de N\u00faria, a 1.960 mts., al cual se puede llegar en uno de los pocos o \u00fanicos tren-cremallera de la pen\u00ednsula ib\u00e9rica; el Bastiments (2.883 mts.), cerrando por el noroeste el circo de Ulldeter; y entre estas dos grandes cimas un verdadero laberinto de cimas y vallecillos de alta monta\u00f1a caracter\u00edsticos y preciosos, como Caran\u00e7\u00e1 (ya en Francia), Coma de Vaca&#8230; sin olvidarnos de aquellas cimas o monta\u00f1as con no tanta altura pero que quedan en las proximidades de este nombrado macizo y\/o siguen la columna vertebral de la cordillera hacia el Canig\u00f3 y el Mar Mediterr\u00e1neo.[\/vc_column_text][vc_empty_space height=\u00bb20px\u00bb][vc_btn title=\u00bbEntrar\u00bb style=\u00bbflat\u00bb color=\u00bbwarning\u00bb link=\u00bburl:https%3A%2F%2Fmonta%C3%B1asdelaluna.es%2F%3Fpage_id%3D45052|title:Pirineo%20Central\u00bb][\/vc_column][\/vc_row][vc_row][vc_column][vc_empty_space height=\u00bb30px\u00bb][\/vc_column][\/vc_row][vc_row][vc_column]<div class=\"hr-thin style-line\" style=\"width: 100%;border-color: #e2e2e2;border-top-width: 1px;\"><\/div>[vc_empty_space height=\u00bb30px\u00bb][\/vc_column][\/vc_row][vc_row][vc_column width=\u00bb1\/2&#8243;][vc_single_image image=\u00bb45069&#8243; img_size=\u00bbfull\u00bb][\/vc_column][vc_column width=\u00bb1\/2&#8243;][vc_custom_heading text=\u00bbPirineo Calizo Catal\u00e1n\u00bb use_theme_fonts=\u00bbyes\u00bb link=\u00bburl:https%3A%2F%2Fmonta%C3%B1asdelaluna.es%2F%3Fpage_id%3D45059|title:Pirineo%20Calizo%20Catal%C3%A1n\u00bb][vc_empty_space height=\u00bb20px\u00bb][vc_column_text]La zona imaginada del Pirineo Calizo Catal\u00e1n es la parte del Pirineo Catal\u00e1n que no est\u00e1 dentro de las otras dos zonas nombradas, y queda entre ambas. Comprende desde el curso del R\u00edo Segre hacia el sur (a su paso por La Cerda\u00f1a) y este, y los cursos de los r\u00edos Rigard (Collada de Toses), Freser y Ter, hacia el suroeste y oeste, compartido entre las provincias de Lleida, Girona, pero sobre todo Barcelona. El calificativo de calizo es porque las monta\u00f1as de esta zona son de roca caliza, perteneciendo al PrePirineo Interior que en otras partes de la cordillera forman parte de la columna vertebral de la misma, en medio de las monta\u00f1as de granito del Pirineo Axial. En esta zona forman sierras o monta\u00f1as transversales de este a oeste (en su mayor\u00eda) a diferentes latitudes diferenciadas, dando un aspecto de valles y escarpes rocosos bastante agreste. Teniendo como la monta\u00f1a referencia de la zona y dicha caracter\u00edstica, el magn\u00edfico Pedraforca (2.498 mts.), y como la sierra m\u00e1s extensa, alta y famosa, el Cad\u00ed-Moixer\u00f3; la cual alberga las cimas m\u00e1s altas, que sobrepasan solamente en esta sierra, los dos mil seiscientos metros de altura, Vultur\u00f3 (2.659 mts.), Puig de Les Gralleres (2.617 mts.) &#8230; No debemos olvidar otras monta\u00f1as como la Serra d\u2019Ensij\u00e1, del Verd, Rasos de Peguera, Busa&#8230; de variadas altitudes, pero con los espacios de bosques extensos, sanos, y de lugares solitarios poco o nada habitados por el hombre como puntos comunes, caracter\u00edsticas y condiciones que les da una vida y belleza perfecta y sobresaliente.[\/vc_column_text][vc_empty_space height=\u00bb20px\u00bb][vc_btn title=\u00bbEntrar\u00bb style=\u00bbflat\u00bb color=\u00bbwarning\u00bb link=\u00bburl:https%3A%2F%2Fmonta%C3%B1asdelaluna.es%2F%3Fpage_id%3D45059|title:Pirineo%20Calizo%20Catal%C3%A1n\u00bb][\/vc_column][\/vc_row]<\/p>\n","protected":false},"excerpt":{"rendered":"<p>[vc_row][vc_column][vc_column_text]El Pirineo Catal\u00e1n se puede dividir en dos con el gran valle, altiplano de La Cerdanya como frontera de esa divisi\u00f3n: a la derecha y hasta el Mar Mediterr\u00e1neo ser\u00eda el Pirineo Oriental con el Puigmal y Bastiments como altitudes m\u00e1s notables del mismo, acabar\u00eda en el Mar Mediterr\u00e1neo en el volc\u00e1nico terreno del Cap&hellip;<\/p>\n","protected":false},"author":1,"featured_media":0,"parent":14940,"menu_order":0,"comment_status":"closed","ping_status":"closed","template":"","meta":[],"class_list":["post-14944","page","type-page","status-publish","hentry","description-off"],"_links":{"self":[{"href":"https:\/\/www.monta\u00f1asdelaluna.es\/index.php?rest_route=\/wp\/v2\/pages\/14944","targetHints":{"allow":["GET"]}}],"collection":[{"href":"https:\/\/www.monta\u00f1asdelaluna.es\/index.php?rest_route=\/wp\/v2\/pages"}],"about":[{"href":"https:\/\/www.monta\u00f1asdelaluna.es\/index.php?rest_route=\/wp\/v2\/types\/page"}],"author":[{"embeddable":true,"href":"https:\/\/www.monta\u00f1asdelaluna.es\/index.php?rest_route=\/wp\/v2\/users\/1"}],"replies":[{"embeddable":true,"href":"https:\/\/www.monta\u00f1asdelaluna.es\/index.php?rest_route=%2Fwp%2Fv2%2Fcomments&post=14944"}],"version-history":[{"count":7,"href":"https:\/\/www.monta\u00f1asdelaluna.es\/index.php?rest_route=\/wp\/v2\/pages\/14944\/revisions"}],"predecessor-version":[{"id":49431,"href":"https:\/\/www.monta\u00f1asdelaluna.es\/index.php?rest_route=\/wp\/v2\/pages\/14944\/revisions\/49431"}],"up":[{"embeddable":true,"href":"https:\/\/www.monta\u00f1asdelaluna.es\/index.php?rest_route=\/wp\/v2\/pages\/14940"}],"wp:attachment":[{"href":"https:\/\/www.monta\u00f1asdelaluna.es\/index.php?rest_route=%2Fwp%2Fv2%2Fmedia&parent=14944"}],"curies":[{"name":"wp","href":"https:\/\/api.w.org\/{rel}","templated":true}]}}